{"id":2307,"date":"2021-04-20T19:21:46","date_gmt":"2021-04-20T23:21:46","guid":{"rendered":"https:\/\/charex.ca\/?page_id=2307"},"modified":"2021-05-05T20:46:07","modified_gmt":"2021-05-06T00:46:07","slug":"mecanicien","status":"publish","type":"page","link":"https:\/\/charex.ca\/en\/carrieres\/mecanicien\/","title":{"rendered":"M\u00e9canicien de soir (camions et \u00e9quipements lourds)"},"content":{"rendered":"<div class=\"wpb-content-wrapper\"><p>[vc_row full_width=&#8221;stretch_row&#8221; content_placement=&#8221;middle&#8221; css=&#8221;.vc_custom_1618795271634{padding-top: 165px !important;padding-bottom: 165px !important;background-image: url(https:\/\/charex.ca\/wp-content\/uploads\/2021\/04\/slide-carrieres-operateur-pelle-01.jpg?id=2253) !important;background-position: center !important;background-repeat: no-repeat !important;background-size: cover !important;}&#8221; el_class=&#8221;btn-roboto-center&#8221;][vc_column][vc_column_text css=&#8221;.vc_custom_1620261842477{padding-bottom: 35px !important;}&#8221;]<\/p>\n<p style=\"text-align: center; font-family: 'Montserrat'; font-weight: bold; font-size: 40px; color: #fdc408; margin-bottom: 0;\">Poste \u00e0 combler<\/p>\n<p style=\"text-align: center; font-family: 'Montserrat'; font-weight: 600; font-size: 46px; color: #fff; text-transform: uppercase; line-height: 40px;\">M\u00e9canicien de soir<br \/>\n(camions et \u00e9quipements lourds)<\/p>\n<p>[\/vc_column_text]<a target=\"_self\" href=\"#formulaire\" class=\"btn  btn-sm style-1\" id=\"custom-id-0\" style=\"color: #000000;background-color: #ffc400;\">POSTULER MAINTENANT<\/a>[\/vc_column][\/vc_row][vc_row css=&#8221;.vc_custom_1618791338391{padding-top: 100px !important;padding-bottom: 50px !important;border-radius: 1px !important;}&#8221;][vc_column][vc_column_text css=&#8221;.vc_custom_1620261880785{padding-bottom: 100px !important;}&#8221;]<img loading=\"lazy\" decoding=\"async\" class=\"wp-image-2027\" style=\"margin-right: 5px; vertical-align: text-bottom;\" src=\"https:\/\/charex.ca\/wp-content\/uploads\/2021\/04\/yellow-slash.png\" alt=\"\" width=\"12\" height=\"20\" \/><span style=\"font-weight: bold; font-size: 20px;\">NATURE DU POSTE<\/span><\/p>\n<h2 style=\"font-size: 36px; line-height: 40px; margin-top: -10px;\"><em>M\u00e9canicien de soir (camions et \u00e9quipements lourds)<\/em><\/h2>\n<p style=\"font-size: 22px;\">Sous la supervision du Directeur m\u00e9canique, le titulaire du poste sera responsable d&#8217;ex\u00e9cuter diverses t\u00e2ches d\u2019entretien et des r\u00e9parations sur des camions et \u00e9quipements lourds.<\/p>\n<p>[\/vc_column_text][vc_column_text css=&#8221;.vc_custom_1618962137270{padding-bottom: 50px !important;}&#8221;]<img loading=\"lazy\" decoding=\"async\" class=\"wp-image-2027\" style=\"margin-right: 5px; vertical-align: text-bottom;\" src=\"https:\/\/charex.ca\/wp-content\/uploads\/2021\/04\/yellow-slash.png\" alt=\"\" width=\"12\" height=\"20\" \/><span style=\"font-weight: bold; font-size: 20px;\">DESCRIPTION DE T\u00c2CHES<\/span><\/p>\n<p style=\"font-size: 22px;\">Sous la supervision du Directeur m\u00e9canique, le titulaire du poste devra :<\/p>\n<ul style=\"font-size: 20px;\">\n<li>Diagnostiquer, identifier et solutionner les diverses r\u00e9parations \u00e0 effectuer;<\/li>\n<li>Effectuer l\u2019entretien et la r\u00e9paration des syst\u00e8mes hydrauliques, pneumatiques et \u00e9lectriques des camions et \u00e9quipements lourds;<\/li>\n<li>V\u00e9rifier, diagnostiquer, r\u00e9parer et ajuster les embrayages, les transmissions manuelles et automatiques, le syst\u00e8me de freinage et les syst\u00e8mes d\u2019alimentation de carburant;<\/li>\n<li>Effectuer la m\u00e9canique sur les syst\u00e8mes antipollution;<\/li>\n<li>Effectuer diverses t\u00e2ches de soudure, lorsque n\u00e9cessaire;<\/li>\n<li>Faire des travaux g\u00e9n\u00e9raux d\u2019atelier (meulage, per\u00e7age, aff\u00fbtage, coupe, etc.);<\/li>\n<li>Proc\u00e9der aux am\u00e9liorations susceptibles d\u2019accro\u00eetre les performances des \u00e9quipements et du d\u00e9partement de m\u00e9canique;<\/li>\n<li>Utiliser efficacement les divers logiciels de diagnostic;<\/li>\n<li>Suivre les formations requises par l\u2019entreprise;<\/li>\n<li>Compl\u00e9ter les bons de travail, relatifs aux op\u00e9rations, en conformit\u00e9 avec les proc\u00e9dures de l\u2019entreprise;<\/li>\n<li>Effectuer le travail en tenant compte des normes de sant\u00e9 et s\u00e9curit\u00e9;<\/li>\n<li>Conduire les v\u00e9hicules de la compagnie dans le respect des lois et des r\u00e9glementations (chantier et route);<\/li>\n<li>Maintenir une aire de travail en ordre, propre et s\u00e9curitaire en tout temps;<\/li>\n<li>Participer activement, par son attitude et par ses comportements, \u00e0 d\u00e9velopper et \u00e0 maintenir une atmosph\u00e8re de travail respectueuse, harmonieuse et stimulante pour tous;<\/li>\n<li>Collaborer avec l\u2019ensemble des coll\u00e8gues et favoriser le travail en \u00e9quipe;<\/li>\n<li>Effectuer son travail avec rigueur et int\u00e9grit\u00e9;<\/li>\n<li>Effectuer ses t\u00e2ches et responsabilit\u00e9s avec efficacit\u00e9 et avec la volont\u00e9 de bien performer;<\/li>\n<li>Travailler dans le respect de la culture et des valeurs de l\u2019entreprise;<\/li>\n<\/ul>\n<p>[\/vc_column_text][vc_column_text css=&#8221;.vc_custom_1618960772722{padding-bottom: 50px !important;}&#8221;]<img loading=\"lazy\" decoding=\"async\" class=\"wp-image-2027\" style=\"margin-right: 5px; vertical-align: text-bottom;\" src=\"https:\/\/charex.ca\/wp-content\/uploads\/2021\/04\/yellow-slash.png\" alt=\"\" width=\"12\" height=\"20\" \/><span style=\"font-weight: bold; font-size: 20px;\">COMP\u00c9TENCES RECHERCH\u00c9ES<\/span><\/p>\n<ul style=\"font-size: 20px;\">\n<li>Poss\u00e9der un Dipl\u00f4me d\u2019\u00e9tudes professionnelles (DEP) en m\u00e9canique de v\u00e9hicule lourd ou toute autre formation connexe;<\/li>\n<li>Connaissance des \u00e9quipements et de leur fonctionnement;<\/li>\n<li>Avoir une base en m\u00e9canique g\u00e9n\u00e9rale, en \u00e9lectricit\u00e9, avec les principes d\u2019hydraulique et pneumatique;<\/li>\n<li>Op\u00e9rer l\u2019\u00e9quipement afin de pouvoir recr\u00e9er les probl\u00e8mes encourus sur la route ou en chantier;<\/li>\n<li>Savoir utiliser les appareils de diagnostics;<\/li>\n<li>Sertir un boyau hydraulique selon les sp\u00e9cifications du fabricant;<\/li>\n<li>Savoir utiliser une soudeuse et des torches;<\/li>\n<li>Connaissance de base d\u2019un ordinateur;<\/li>\n<li>Poss\u00e9der un permis de conduire\u00a0Classe 5 (obligatoire);<\/li>\n<li>Utiliser pont roulant, palan, chariot \u00e9l\u00e9vateur, nacelle et autres \u00e9quipements du garage (un atout);<\/li>\n<li>Poss\u00e9der la certification pour manipuler les gaz r\u00e9frig\u00e9rants (un atout);<\/li>\n<li>Poss\u00e9der une attestation ASP pour chantier de construction (un atout);<\/li>\n<\/ul>\n<p>[\/vc_column_text][vc_column_text css=&#8221;.vc_custom_1618960844442{padding-bottom: 50px !important;}&#8221;]<img loading=\"lazy\" decoding=\"async\" class=\"wp-image-2027\" style=\"margin-right: 5px; vertical-align: text-bottom;\" src=\"https:\/\/charex.ca\/wp-content\/uploads\/2021\/04\/yellow-slash.png\" alt=\"\" width=\"12\" height=\"20\" \/><span style=\"font-weight: bold; font-size: 20px;\">AVANTAGES<\/span><\/p>\n<ul style=\"font-size: 20px;\">\n<li>Salaire comp\u00e9titif;<\/li>\n<li>Assurances collectives apr\u00e8s trois (3) mois de service;<\/li>\n<li>Environnement de travail proactif et s\u00e9curitaire;<\/li>\n<li>Conditions de travail stimulantes;<\/li>\n<li>Possibilit\u00e9 d\u2019avancement.<\/li>\n<\/ul>\n<p>[\/vc_column_text][\/vc_column][\/vc_row][vc_row css=&#8221;.vc_custom_1618796830816{background-color: #fdc409 !important;}&#8221; id=&#8221;formulaire&#8221; el_id=&#8221;formulaire&#8221;][vc_column][vc_empty_space height=&#8221;20px&#8221;][vc_column_text css_animation=&#8221;fadeIn&#8221; css=&#8221;.vc_custom_1620261889967{margin-top: -10px !important;}&#8221;]<\/p>\n<h2 style=\"text-align: center; font-size: 24px;\"><strong>POSTULER POUR LE POSTE DE M\u00c9CANICIEN DE SOIR<\/strong><\/h2>\n<p>[\/vc_column_text][vc_empty_space height=&#8221;20px&#8221;][\/vc_column][\/vc_row][vc_section full_width=&#8221;stretch_row&#8221; content_placement=&#8221;middle&#8221; css=&#8221;.vc_custom_1618796798466{padding-top: 100px !important;padding-bottom: 75px !important;background-position: center !important;background-repeat: no-repeat !important;background-size: cover !important;}&#8221;][vc_row][vc_column][vc_column_text css=&#8221;.vc_custom_1618795941041{padding-bottom: 50px !important;}&#8221;]<\/p>\n<h2 style=\"font-size: 36px; line-height: 40px; margin-top: -10px;\"><em>Faites-nous parvenir votre CV<\/em><\/h2>\n<p>[\/vc_column_text]\n<div class=\"wpcf7 no-js\" id=\"wpcf7-f1020-o1\" lang=\"en-US\" dir=\"ltr\" data-wpcf7-id=\"1020\">\n<div class=\"screen-reader-response\"><p role=\"status\" aria-live=\"polite\" aria-atomic=\"true\"><\/p> <ul><\/ul><\/div>\n<form action=\"\/en\/wp-json\/wp\/v2\/pages\/2307#wpcf7-f1020-o1\" method=\"post\" class=\"wpcf7-form init\" aria-label=\"Contact form\" enctype=\"multipart\/form-data\" novalidate=\"novalidate\" data-status=\"init\">\n<fieldset class=\"hidden-fields-container\"><input type=\"hidden\" name=\"_wpcf7\" value=\"1020\" \/><input type=\"hidden\" name=\"_wpcf7_version\" value=\"6.1.5\" \/><input type=\"hidden\" name=\"_wpcf7_locale\" value=\"en_US\" \/><input type=\"hidden\" name=\"_wpcf7_unit_tag\" value=\"wpcf7-f1020-o1\" \/><input type=\"hidden\" name=\"_wpcf7_container_post\" value=\"0\" \/><input type=\"hidden\" name=\"_wpcf7_posted_data_hash\" value=\"\" \/><input type=\"hidden\" name=\"lang\" value=\"en\" \/>\n<\/fieldset>\n<div class=\"col-sm-5 noleftpadding\">\n\t<p><span class=\"wpcf7-form-control-wrap\" data-name=\"your-name\"><input size=\"40\" maxlength=\"400\" class=\"wpcf7-form-control wpcf7-text wpcf7-validates-as-required\" aria-required=\"true\" aria-invalid=\"false\" placeholder=\"Nom-Name*\" value=\"\" type=\"text\" name=\"your-name\" \/><\/span>\n\t<\/p>\n\t<p><span class=\"wpcf7-form-control-wrap\" data-name=\"your-subject\"><input size=\"40\" maxlength=\"400\" class=\"wpcf7-form-control wpcf7-text\" aria-invalid=\"false\" placeholder=\"Sujet-Subject*\" value=\"\" type=\"text\" name=\"your-subject\" \/><\/span>\n\t<\/p>\n\t<p><span class=\"wpcf7-form-control-wrap\" data-name=\"your-email\"><input size=\"40\" maxlength=\"400\" class=\"wpcf7-form-control wpcf7-email wpcf7-validates-as-required wpcf7-text wpcf7-validates-as-email\" aria-required=\"true\" aria-invalid=\"false\" placeholder=\"Courriel-Email*\" value=\"\" type=\"email\" name=\"your-email\" \/><\/span>\n\t<\/p>\n<\/div>\n<div class=\"col-sm-7 norightpadding\">\n\t<p><span class=\"wpcf7-form-control-wrap\" data-name=\"your-message\"><textarea cols=\"25\" rows=\"3\" maxlength=\"2000\" class=\"wpcf7-form-control wpcf7-textarea\" aria-invalid=\"false\" placeholder=\"Message*\" name=\"your-message\"><\/textarea><\/span>\n\t<\/p>\n\t<p><label> Attacher votre C.V.\/ Attach your C.V. : (formats : pdf|txt|do|docx)<br \/>\n<span class=\"wpcf7-form-control-wrap\" data-name=\"fichiers\"><input size=\"40\" class=\"wpcf7-form-control wpcf7-file wpcf7-validates-as-required\" accept=\".pdf,.txt,.do,.docx\" aria-required=\"true\" aria-invalid=\"false\" type=\"file\" name=\"fichiers\" \/><\/span><\/label>\n\t<\/p>\n\t<p><input class=\"wpcf7-form-control wpcf7-submit has-spinner\" type=\"submit\" value=\"ENVOYER\/ SUBMIT\" \/>\n\t<\/p>\n<\/div><div class=\"wpcf7-response-output\" aria-hidden=\"true\"><\/div>\n<\/form>\n<\/div>\n[\/vc_column][\/vc_row][\/vc_section][vc_row full_width=&#8221;stretch_row_content_no_spaces&#8221; has_content=&#8221;false&#8221; el_class=&#8221;text-center btn-idee&#8221; css=&#8221;.vc_custom_1618796210634{margin-top: 60px !important;margin-bottom: 0px !important;}&#8221;][vc_column]<section  data-vc-parallax=\"1.5\" class=\"statement vc_parallax\" style=\"background-image: url('https:\/\/charex.ca\/wp-content\/uploads\/2018\/02\/backgr-01.jpg');\">[vc_column_text]<\/p>\n<h1 style=\"text-align: center;\"><span style=\"color: #ffffff;\">DE L&#8217;ID\u00c9E \u00c0 LA SOLUTION FINALE<\/span><\/h1>\n<p>[\/vc_column_text][vc_empty_space height=&#8221;15px&#8221;]<a target=\"_self\" href=\"https:\/\/charex.ca\/coordonnees\/\" class=\"btn  btn-md style-1\" id=\"custom-id-1\" style=\"\">NOUS JOINDRE<\/a><\/section>[\/vc_column][\/vc_row]<\/p>\n<\/div>","protected":false},"excerpt":{"rendered":"<p>[vc_row full_width=&#8221;stretch_row&#8221; content_placement=&#8221;middle&#8221; css=&#8221;.vc_custom_1618795271634{padding-top: 165px !important;padding-bottom: 165px !important;background-image: url(https:\/\/charex.ca\/wp-content\/uploads\/2021\/04\/slide-carrieres-operateur-pelle-01.jpg?id=2253) !important;background-position: center !important;background-repeat: no-repeat !important;background-size: cover !important;}&#8221; el_class=&#8221;btn-roboto-center&#8221;][vc_column][vc_column_text css=&#8221;.vc_custom_1620261842477{padding-bottom: 35px !important;}&#8221;] Poste \u00e0 combler M\u00e9canicien de soir (camions et \u00e9quipements lourds) [\/vc_column_text][\/vc_column][\/vc_row][vc_row css=&#8221;.vc_custom_1618791338391{padding-top: 100px !important;padding-bottom: 50px !important;border-radius: 1px !important;}&#8221;][vc_column][vc_column_text css=&#8221;.vc_custom_1620261880785{padding-bottom: 100px&#8230;<\/p>\n","protected":false},"author":1,"featured_media":0,"parent":2020,"menu_order":0,"comment_status":"open","ping_status":"closed","template":"","meta":{"footnotes":""},"class_list":["post-2307","page","type-page","status-publish","hentry"],"_links":{"self":[{"href":"https:\/\/charex.ca\/en\/wp-json\/wp\/v2\/pages\/2307","targetHints":{"allow":["GET"]}}],"collection":[{"href":"https:\/\/charex.ca\/en\/wp-json\/wp\/v2\/pages"}],"about":[{"href":"https:\/\/charex.ca\/en\/wp-json\/wp\/v2\/types\/page"}],"author":[{"embeddable":true,"href":"https:\/\/charex.ca\/en\/wp-json\/wp\/v2\/users\/1"}],"replies":[{"embeddable":true,"href":"https:\/\/charex.ca\/en\/wp-json\/wp\/v2\/comments?post=2307"}],"version-history":[{"count":19,"href":"https:\/\/charex.ca\/en\/wp-json\/wp\/v2\/pages\/2307\/revisions"}],"predecessor-version":[{"id":2465,"href":"https:\/\/charex.ca\/en\/wp-json\/wp\/v2\/pages\/2307\/revisions\/2465"}],"up":[{"embeddable":true,"href":"https:\/\/charex.ca\/en\/wp-json\/wp\/v2\/pages\/2020"}],"wp:attachment":[{"href":"https:\/\/charex.ca\/en\/wp-json\/wp\/v2\/media?parent=2307"}],"curies":[{"name":"wp","href":"https:\/\/api.w.org\/{rel}","templated":true}]}}