{"id":1677,"date":"2018-06-11T11:11:06","date_gmt":"2018-06-11T15:11:06","guid":{"rendered":"https:\/\/charex.ca\/?page_id=1677"},"modified":"2018-07-06T14:37:50","modified_gmt":"2018-07-06T18:37:50","slug":"realisations-charex-environnement","status":"publish","type":"page","link":"https:\/\/charex.ca\/en\/realisations-charex-environnement\/","title":{"rendered":"ACHIEVEMENTS"},"content":{"rendered":"<div class=\"wpb-content-wrapper\"><p>[vc_row][vc_column width=&#8221;1\/2&#8243;][vc_single_image image=&#8221;1257&#8243; img_size=&#8221;full&#8221; style=&#8221;vc_box_shadow&#8221; onclick=&#8221;link_image&#8221;][vc_single_image image=&#8221;1245&#8243; img_size=&#8221;full&#8221; style=&#8221;vc_box_shadow&#8221; onclick=&#8221;link_image&#8221;][\/vc_column][vc_column width=&#8221;1\/2&#8243;][vc_column_text]<strong>ENVIRONMENT<\/strong><\/p>\n<ul>\n<li>Construction of the St-Laurent Eco-center in Montreal (LEED Project)<\/li>\n<li>Retaining walls Ren\u00e9-Labrosse Park inMontreal-East<\/li>\n<li>Rivi\u00e8re Du Ch\u00eane railway bridge in Saint-Eustache<\/li>\n<li>Stabilization of dikes at Lac des Deux-Montagnes<\/li>\n<\/ul>\n<p>[\/vc_column_text][vc_row_inner][vc_column_inner][vc_btn title=&#8221;PREVIOUS&#8221; link=&#8221;url:https%3A%2F%2Fcharex.ca%2Fen%2Frealisations-charex-deneigement%2F|||&#8221; css=&#8221;.vc_custom_1528730270034{padding-right: 5px !important;padding-left: 5px !important;}&#8221;][vc_btn title=&#8221;NEXT&#8221; link=&#8221;url:https%3A%2F%2Fcharex.ca%2Fen%2Frealisations-charex-genie%2F|||&#8221;][\/vc_column_inner][\/vc_row_inner][\/vc_column][\/vc_row]<\/p>\n<\/div>","protected":false},"excerpt":{"rendered":"<p>[vc_row][vc_column width=&#8221;1\/2&#8243;][vc_single_image image=&#8221;1257&#8243; img_size=&#8221;full&#8221; style=&#8221;vc_box_shadow&#8221; onclick=&#8221;link_image&#8221;][vc_single_image image=&#8221;1245&#8243; img_size=&#8221;full&#8221; style=&#8221;vc_box_shadow&#8221; onclick=&#8221;link_image&#8221;][\/vc_column][vc_column width=&#8221;1\/2&#8243;][vc_column_text]ENVIRONMENT Construction of the St-Laurent Eco-center in Montreal (LEED Project) Retaining walls Ren\u00e9-Labrosse Park inMontreal-East Rivi\u00e8re Du Ch\u00eane railway bridge in Saint-Eustache Stabilization of dikes at Lac des Deux-Montagnes [\/vc_column_text][vc_row_inner][vc_column_inner][vc_btn&#8230;<\/p>\n","protected":false},"author":1,"featured_media":0,"parent":0,"menu_order":0,"comment_status":"open","ping_status":"open","template":"","meta":{"footnotes":""},"class_list":["post-1677","page","type-page","status-publish","hentry"],"_links":{"self":[{"href":"https:\/\/charex.ca\/en\/wp-json\/wp\/v2\/pages\/1677","targetHints":{"allow":["GET"]}}],"collection":[{"href":"https:\/\/charex.ca\/en\/wp-json\/wp\/v2\/pages"}],"about":[{"href":"https:\/\/charex.ca\/en\/wp-json\/wp\/v2\/types\/page"}],"author":[{"embeddable":true,"href":"https:\/\/charex.ca\/en\/wp-json\/wp\/v2\/users\/1"}],"replies":[{"embeddable":true,"href":"https:\/\/charex.ca\/en\/wp-json\/wp\/v2\/comments?post=1677"}],"version-history":[{"count":9,"href":"https:\/\/charex.ca\/en\/wp-json\/wp\/v2\/pages\/1677\/revisions"}],"predecessor-version":[{"id":1800,"href":"https:\/\/charex.ca\/en\/wp-json\/wp\/v2\/pages\/1677\/revisions\/1800"}],"wp:attachment":[{"href":"https:\/\/charex.ca\/en\/wp-json\/wp\/v2\/media?parent=1677"}],"curies":[{"name":"wp","href":"https:\/\/api.w.org\/{rel}","templated":true}]}}