{"id":1641,"date":"2018-06-11T09:59:41","date_gmt":"2018-06-11T13:59:41","guid":{"rendered":"https:\/\/charex.ca\/?page_id=1641"},"modified":"2018-07-06T11:57:56","modified_gmt":"2018-07-06T15:57:56","slug":"realisations-charex-multi","status":"publish","type":"page","link":"https:\/\/charex.ca\/en\/realisations-charex-multi\/","title":{"rendered":"ACHIEVEMENTS"},"content":{"rendered":"<div class=\"wpb-content-wrapper\"><p>[vc_row][vc_column width=&#8221;1\/2&#8243;][vc_single_image image=&#8221;1494&#8243; img_size=&#8221;full&#8221; style=&#8221;vc_box_shadow&#8221; onclick=&#8221;link_image&#8221;][vc_single_image image=&#8221;1495&#8243; img_size=&#8221;full&#8221; style=&#8221;vc_box_shadow&#8221; onclick=&#8221;link_image&#8221;][\/vc_column][vc_column width=&#8221;1\/2&#8243;][vc_column_text]<strong>MULTIDISCIPLINARY<\/strong><\/p>\n<ul>\n<li>Construction of the station in Rivi\u00e8re-des-Prairies<\/li>\n<li>Construction of the St-Laurent Ecocentre in Montreal<\/li>\n<li>Hydrocarbon separator, Airport Mirabel-Montr\u00e9al cargo apron<\/li>\n<li>Construction of a drinking water reservoir in Ch\u00e2teauguay<\/li>\n<li>Construction of a sewage tank station Sainte-Doroth\u00e9e in Laval<\/li>\n<\/ul>\n<p>[\/vc_column_text][vc_row_inner][vc_column_inner][vc_btn title=&#8221;PREVIOUS&#8221; link=&#8221;url:https%3A%2F%2Fcharex.ca%2Fen%2Frealisations-charex-genie%2F|||&#8221; css=&#8221;.vc_custom_1528726182466{padding-right: 5px !important;padding-left: 5px !important;}&#8221;][vc_btn title=&#8221;NEXT&#8221; link=&#8221;url:https%3A%2F%2Fcharex.ca%2Fen%2Frealisations-structures%2F|||&#8221;][\/vc_column_inner][\/vc_row_inner][\/vc_column][\/vc_row][vc_row][vc_column][vc_column_text]<\/p>\n<p>[\/vc_column_text][\/vc_column][\/vc_row]<\/p>\n<\/div>","protected":false},"excerpt":{"rendered":"<p>[vc_row][vc_column width=&#8221;1\/2&#8243;][vc_single_image image=&#8221;1494&#8243; img_size=&#8221;full&#8221; style=&#8221;vc_box_shadow&#8221; onclick=&#8221;link_image&#8221;][vc_single_image image=&#8221;1495&#8243; img_size=&#8221;full&#8221; style=&#8221;vc_box_shadow&#8221; onclick=&#8221;link_image&#8221;][\/vc_column][vc_column width=&#8221;1\/2&#8243;][vc_column_text]MULTIDISCIPLINARY Construction of the station in Rivi\u00e8re-des-Prairies Construction of the St-Laurent Ecocentre in Montreal Hydrocarbon separator, Airport Mirabel-Montr\u00e9al cargo apron Construction of a drinking water reservoir in Ch\u00e2teauguay Construction of&#8230;<\/p>\n","protected":false},"author":1,"featured_media":0,"parent":0,"menu_order":0,"comment_status":"open","ping_status":"open","template":"","meta":{"footnotes":""},"class_list":["post-1641","page","type-page","status-publish","hentry"],"_links":{"self":[{"href":"https:\/\/charex.ca\/en\/wp-json\/wp\/v2\/pages\/1641","targetHints":{"allow":["GET"]}}],"collection":[{"href":"https:\/\/charex.ca\/en\/wp-json\/wp\/v2\/pages"}],"about":[{"href":"https:\/\/charex.ca\/en\/wp-json\/wp\/v2\/types\/page"}],"author":[{"embeddable":true,"href":"https:\/\/charex.ca\/en\/wp-json\/wp\/v2\/users\/1"}],"replies":[{"embeddable":true,"href":"https:\/\/charex.ca\/en\/wp-json\/wp\/v2\/comments?post=1641"}],"version-history":[{"count":10,"href":"https:\/\/charex.ca\/en\/wp-json\/wp\/v2\/pages\/1641\/revisions"}],"predecessor-version":[{"id":1773,"href":"https:\/\/charex.ca\/en\/wp-json\/wp\/v2\/pages\/1641\/revisions\/1773"}],"wp:attachment":[{"href":"https:\/\/charex.ca\/en\/wp-json\/wp\/v2\/media?parent=1641"}],"curies":[{"name":"wp","href":"https:\/\/api.w.org\/{rel}","templated":true}]}}