{"id":1634,"date":"2018-06-11T10:24:49","date_gmt":"2018-06-11T14:24:49","guid":{"rendered":"https:\/\/charex.ca\/?page_id=1634"},"modified":"2018-07-06T11:59:07","modified_gmt":"2018-07-06T15:59:07","slug":"realisations-structures","status":"publish","type":"page","link":"https:\/\/charex.ca\/en\/realisations-structures\/","title":{"rendered":"ACHIEVEMENTS"},"content":{"rendered":"<div class=\"wpb-content-wrapper\"><p>[vc_row][vc_column width=&#8221;1\/2&#8243;][vc_single_image image=&#8221;1507&#8243; img_size=&#8221;full&#8221; style=&#8221;vc_box_shadow&#8221; onclick=&#8221;link_image&#8221;][vc_single_image image=&#8221;1508&#8243; img_size=&#8221;full&#8221; style=&#8221;vc_box_shadow&#8221; onclick=&#8221;link_image&#8221;][\/vc_column][vc_column width=&#8221;1\/2&#8243;][vc_column_text]<strong>STRUCTURES<\/strong><\/p>\n<div class=\"oSioSc\">\n<div id=\"tw-target\">\n<div id=\"tw-target-text-container\" class=\"tw-ta-container tw-nfl\">\n<ul>\n<li id=\"tw-target-text\" class=\"tw-data-text tw-ta tw-text-small\" dir=\"ltr\" data-placeholder=\"Traduction\"><span lang=\"en\">Extension of the Paul-Sauv\u00e9 walk phase 2 in Saint-Eustache<br \/>\n<\/span><\/li>\n<li class=\"tw-data-text tw-ta tw-text-small\" dir=\"ltr\" data-placeholder=\"Traduction\"><span lang=\"en\">Fabre Street Bridge Salaberry-de-Valleyfield<br \/>\n<\/span><\/li>\n<li class=\"tw-data-text tw-ta tw-text-small\" dir=\"ltr\" data-placeholder=\"Traduction\"><span lang=\"en\">Rivi\u00e8re Du Ch\u00eane railway bridge in Saint-Eustache<br \/>\n<\/span><\/li>\n<li class=\"tw-data-text tw-ta tw-text-small\" dir=\"ltr\" data-placeholder=\"Traduction\"><span lang=\"en\">Bridge rehabilitation at Lavaltrie for the Quebec Ministry of Transport<br \/>\n<\/span><\/li>\n<li class=\"tw-data-text tw-ta tw-text-small\" dir=\"ltr\" data-placeholder=\"Traduction\"><span lang=\"en\">Road section at Lochaber for the Quebec Ministry of Transport<br \/>\n<\/span><\/li>\n<li class=\"tw-data-text tw-ta tw-text-small\" dir=\"ltr\" data-placeholder=\"Traduction\"><span lang=\"en\">Pumping Station Autoroute 13 in Dorval for the Quebec Ministry of Transport<br \/>\n<\/span><\/li>\n<li class=\"tw-data-text tw-ta tw-text-small\" dir=\"ltr\" data-placeholder=\"Traduction\"><span lang=\"en\">Rehabilitation of the Hollow Glen dam for the MRC des Collines-de-l&#8217;Outaouais<\/span><\/li>\n<\/ul>\n<\/div>\n<\/div>\n<\/div>\n<p>[\/vc_column_text][vc_row_inner][vc_column_inner][vc_btn title=&#8221;PREVIOUS&#8221; css=&#8221;.vc_custom_1528727961249{padding-right: 5px !important;padding-left: 5px !important;}&#8221; link=&#8221;url:https%3A%2F%2Fcharex.ca%2Fen%2Frealisations-charex-multi%2F|||&#8221;][vc_btn title=&#8221;NEXT&#8221; link=&#8221;url:https%3A%2F%2Fcharex.ca%2Fen%2Frealisations-charex-egouts-aqueducs-voirie%2F|||&#8221;][\/vc_column_inner][\/vc_row_inner][\/vc_column][\/vc_row]<\/p>\n<\/div>","protected":false},"excerpt":{"rendered":"<p>[vc_row][vc_column width=&#8221;1\/2&#8243;][vc_single_image image=&#8221;1507&#8243; img_size=&#8221;full&#8221; style=&#8221;vc_box_shadow&#8221; onclick=&#8221;link_image&#8221;][vc_single_image image=&#8221;1508&#8243; img_size=&#8221;full&#8221; style=&#8221;vc_box_shadow&#8221; onclick=&#8221;link_image&#8221;][\/vc_column][vc_column width=&#8221;1\/2&#8243;][vc_column_text]STRUCTURES Extension of the Paul-Sauv\u00e9 walk phase 2 in Saint-Eustache Fabre Street Bridge Salaberry-de-Valleyfield Rivi\u00e8re Du Ch\u00eane railway bridge in Saint-Eustache Bridge rehabilitation at Lavaltrie for the Quebec Ministry of&#8230;<\/p>\n","protected":false},"author":1,"featured_media":0,"parent":0,"menu_order":0,"comment_status":"open","ping_status":"open","template":"","meta":{"footnotes":""},"class_list":["post-1634","page","type-page","status-publish","hentry"],"_links":{"self":[{"href":"https:\/\/charex.ca\/en\/wp-json\/wp\/v2\/pages\/1634","targetHints":{"allow":["GET"]}}],"collection":[{"href":"https:\/\/charex.ca\/en\/wp-json\/wp\/v2\/pages"}],"about":[{"href":"https:\/\/charex.ca\/en\/wp-json\/wp\/v2\/types\/page"}],"author":[{"embeddable":true,"href":"https:\/\/charex.ca\/en\/wp-json\/wp\/v2\/users\/1"}],"replies":[{"embeddable":true,"href":"https:\/\/charex.ca\/en\/wp-json\/wp\/v2\/comments?post=1634"}],"version-history":[{"count":14,"href":"https:\/\/charex.ca\/en\/wp-json\/wp\/v2\/pages\/1634\/revisions"}],"predecessor-version":[{"id":1774,"href":"https:\/\/charex.ca\/en\/wp-json\/wp\/v2\/pages\/1634\/revisions\/1774"}],"wp:attachment":[{"href":"https:\/\/charex.ca\/en\/wp-json\/wp\/v2\/media?parent=1634"}],"curies":[{"name":"wp","href":"https:\/\/api.w.org\/{rel}","templated":true}]}}