{"id":1420,"date":"2018-06-04T15:01:12","date_gmt":"2018-06-04T19:01:12","guid":{"rendered":"https:\/\/charex.ca\/?page_id=1420"},"modified":"2018-07-06T14:28:30","modified_gmt":"2018-07-06T18:28:30","slug":"derniere-realisation-environnement","status":"publish","type":"page","link":"https:\/\/charex.ca\/en\/derniere-realisation-environnement\/","title":{"rendered":"LATEST ACHIEVEMENTS"},"content":{"rendered":"<div class=\"wpb-content-wrapper\"><p>[vc_row][vc_column]<h5 class='heading-content  style-1' ><span>ENVIRONMENT<\/span><\/h5>[vc_empty_space height=&#8221;10px&#8221;][\/vc_column][\/vc_row][vc_row][vc_column width=&#8221;1\/4&#8243;][vc_column_text]<\/p>\n<ul>\n<li id=\"tw-target-text\" class=\"tw-data-text tw-ta tw-text-small\" dir=\"ltr\" data-placeholder=\"Traduction\">Rivi\u00e8re Du Ch\u00eane railway bridge in Saint-Eustache<\/li>\n<li class=\"tw-data-text tw-ta tw-text-small\" dir=\"ltr\" data-placeholder=\"Traduction\">Stabilization of dikes at Lac des Deux-Montagnes<\/li>\n<li dir=\"ltr\" data-placeholder=\"Traduction\">Demolition of P3 parking at Saint-J\u00e9r\u00f4me Hospital (LEED Project)<\/li>\n<li dir=\"ltr\" data-placeholder=\"Traduction\">CSEM network sewer works in Central Axis, McEachran and Outremont Avenue (LEED Project)<\/li>\n<li dir=\"ltr\" data-placeholder=\"Traduction\">Development of an ecological parking lot for the Rodrigue-Gilbert arena in Rivi\u00e8re-des-Prairies &#8211; Pointe-aux-Trembles<\/li>\n<\/ul>\n<p>&nbsp;<\/p>\n<h2>More Projects :<\/h2>\n<p><a href=\"https:\/\/charex.ca\/en\/derniere-realisation\/\">Civil Engineering<\/a><\/p>\n<p class=\"wpb_heading wpb_singleimage_heading\"><a href=\"https:\/\/charex.ca\/en\/derniere-realisation-multidisciplinaire\/\">Multi Disciplinary Projects<\/a><\/p>\n<p><a href=\"https:\/\/charex.ca\/en\/derniere-realisation-structure\/\">Structure<\/a><\/p>\n<p><a href=\"https:\/\/charex.ca\/en\/derniere-realisation-egouts-aqueducs-et-voiries\/\">Sewers, Watermains and Roads<\/a><\/p>\n<p><a href=\"https:\/\/charex.ca\/en\/derniere-realisation-deneigement\/\">Snow removal<\/a>[\/vc_column_text][\/vc_column][vc_column width=&#8221;3\/4&#8243;][vc_single_image image=&#8221;1258&#8243; img_size=&#8221;full&#8221;][\/vc_column][\/vc_row]<\/p>\n<\/div>","protected":false},"excerpt":{"rendered":"<p>[vc_row][vc_column][vc_empty_space height=&#8221;10px&#8221;][\/vc_column][\/vc_row][vc_row][vc_column width=&#8221;1\/4&#8243;][vc_column_text] Rivi\u00e8re Du Ch\u00eane railway bridge in Saint-Eustache Stabilization of dikes at Lac des Deux-Montagnes Demolition of P3 parking at Saint-J\u00e9r\u00f4me Hospital (LEED Project) CSEM network sewer works in Central Axis, McEachran and Outremont Avenue (LEED Project) Development&#8230;<\/p>\n","protected":false},"author":1,"featured_media":0,"parent":0,"menu_order":0,"comment_status":"open","ping_status":"open","template":"","meta":{"footnotes":""},"class_list":["post-1420","page","type-page","status-publish","hentry"],"_links":{"self":[{"href":"https:\/\/charex.ca\/en\/wp-json\/wp\/v2\/pages\/1420","targetHints":{"allow":["GET"]}}],"collection":[{"href":"https:\/\/charex.ca\/en\/wp-json\/wp\/v2\/pages"}],"about":[{"href":"https:\/\/charex.ca\/en\/wp-json\/wp\/v2\/types\/page"}],"author":[{"embeddable":true,"href":"https:\/\/charex.ca\/en\/wp-json\/wp\/v2\/users\/1"}],"replies":[{"embeddable":true,"href":"https:\/\/charex.ca\/en\/wp-json\/wp\/v2\/comments?post=1420"}],"version-history":[{"count":12,"href":"https:\/\/charex.ca\/en\/wp-json\/wp\/v2\/pages\/1420\/revisions"}],"predecessor-version":[{"id":1796,"href":"https:\/\/charex.ca\/en\/wp-json\/wp\/v2\/pages\/1420\/revisions\/1796"}],"wp:attachment":[{"href":"https:\/\/charex.ca\/en\/wp-json\/wp\/v2\/media?parent=1420"}],"curies":[{"name":"wp","href":"https:\/\/api.w.org\/{rel}","templated":true}]}}