{"id":1379,"date":"2018-06-04T13:12:33","date_gmt":"2018-06-04T17:12:33","guid":{"rendered":"https:\/\/charex.ca\/?page_id=1379"},"modified":"2018-07-06T14:19:44","modified_gmt":"2018-07-06T18:19:44","slug":"derniere-realisation-structure","status":"publish","type":"page","link":"https:\/\/charex.ca\/en\/derniere-realisation-structure\/","title":{"rendered":"LATEST ACHIEVEMENTS"},"content":{"rendered":"<div class=\"wpb-content-wrapper\"><p>[vc_row][vc_column]<h5 class='heading-content  style-1' ><span>STRUCTURE<\/span><\/h5>[vc_empty_space height=&#8221;10px&#8221;][\/vc_column][\/vc_row][vc_row][vc_column width=&#8221;1\/4&#8243;][vc_column_text]<\/p>\n<ul>\n<li id=\"tw-target-text\" class=\"tw-data-text tw-ta tw-text-small\" dir=\"ltr\" data-placeholder=\"Traduction\">Reconstruction of the Lac Claude dam in Saint-J\u00e9r\u00f4me<\/li>\n<li class=\"tw-data-text tw-ta tw-text-small\" dir=\"ltr\" data-placeholder=\"Traduction\">Construction of marina docks at Ville de la Prairie<\/li>\n<li class=\"tw-data-text tw-ta tw-text-small\" dir=\"ltr\" data-placeholder=\"Traduction\">Railway bridge Rivi\u00e8re Du Ch\u00eane in Saint-Eustache<\/li>\n<\/ul>\n<p>&nbsp;<\/p>\n<h2>More Projects :<\/h2>\n<p><a href=\"https:\/\/charex.ca\/en\/derniere-realisation\/\">Civil Engineering<\/a><\/p>\n<p class=\"wpb_heading wpb_singleimage_heading\"><a href=\"https:\/\/charex.ca\/en\/derniere-realisation-multidisciplinaire\/\">Multi Disciplinary Projects<\/a><\/p>\n<p><a href=\"https:\/\/charex.ca\/en\/derniere-realisation-egouts-aqueducs-et-voiries\/\">Sewers, Watermains and Roads<\/a><\/p>\n<p><a href=\"https:\/\/charex.ca\/en\/derniere-realisation-deneigement\/\">Snow removal<\/a><\/p>\n<p><a href=\"https:\/\/charex.ca\/en\/derniere-realisation-environnement\/\">Environment<\/a>[\/vc_column_text][\/vc_column][vc_column width=&#8221;3\/4&#8243;][vc_single_image image=&#8221;1240&#8243; img_size=&#8221;full&#8221;][\/vc_column][\/vc_row]<\/p>\n<\/div>","protected":false},"excerpt":{"rendered":"<p>[vc_row][vc_column][vc_empty_space height=&#8221;10px&#8221;][\/vc_column][\/vc_row][vc_row][vc_column width=&#8221;1\/4&#8243;][vc_column_text] Reconstruction of the Lac Claude dam in Saint-J\u00e9r\u00f4me Construction of marina docks at Ville de la Prairie Railway bridge Rivi\u00e8re Du Ch\u00eane in Saint-Eustache &nbsp; More Projects : Civil Engineering Multi Disciplinary Projects Sewers, Watermains and Roads&#8230;<\/p>\n","protected":false},"author":1,"featured_media":0,"parent":0,"menu_order":0,"comment_status":"open","ping_status":"open","template":"","meta":{"footnotes":""},"class_list":["post-1379","page","type-page","status-publish","hentry"],"_links":{"self":[{"href":"https:\/\/charex.ca\/en\/wp-json\/wp\/v2\/pages\/1379","targetHints":{"allow":["GET"]}}],"collection":[{"href":"https:\/\/charex.ca\/en\/wp-json\/wp\/v2\/pages"}],"about":[{"href":"https:\/\/charex.ca\/en\/wp-json\/wp\/v2\/types\/page"}],"author":[{"embeddable":true,"href":"https:\/\/charex.ca\/en\/wp-json\/wp\/v2\/users\/1"}],"replies":[{"embeddable":true,"href":"https:\/\/charex.ca\/en\/wp-json\/wp\/v2\/comments?post=1379"}],"version-history":[{"count":15,"href":"https:\/\/charex.ca\/en\/wp-json\/wp\/v2\/pages\/1379\/revisions"}],"predecessor-version":[{"id":1792,"href":"https:\/\/charex.ca\/en\/wp-json\/wp\/v2\/pages\/1379\/revisions\/1792"}],"wp:attachment":[{"href":"https:\/\/charex.ca\/en\/wp-json\/wp\/v2\/media?parent=1379"}],"curies":[{"name":"wp","href":"https:\/\/api.w.org\/{rel}","templated":true}]}}